{"id":101,"date":"2019-12-10T10:41:56","date_gmt":"2019-12-10T09:41:56","guid":{"rendered":"http:\/\/baumonitoring.com\/?page_id=101"},"modified":"2023-03-14T11:58:15","modified_gmt":"2023-03-14T10:58:15","slug":"baumonitoring","status":"publish","type":"page","link":"https:\/\/baumonitoring.com\/en\/baumonitoring","title":{"rendered":"Construction monitoring for banks financing real estate"},"content":{"rendered":"<h3><strong>Definition of concept and service<\/strong><\/h3>\n\n\n\n<figure class=\"wp-block-image size-large\"><img decoding=\"async\" loading=\"lazy\" width=\"1024\" height=\"683\" src=\"https:\/\/baumonitoring.com\/wp-content\/uploads\/2020\/03\/Baumonitoring_Macbook2-1024x683.jpg\" alt=\"\" class=\"wp-image-299\" srcset=\"https:\/\/baumonitoring.com\/wp-content\/uploads\/2020\/03\/Baumonitoring_Macbook2-1024x683.jpg 1024w, https:\/\/baumonitoring.com\/wp-content\/uploads\/2020\/03\/Baumonitoring_Macbook2-675x450.jpg 675w, https:\/\/baumonitoring.com\/wp-content\/uploads\/2020\/03\/Baumonitoring_Macbook2-768x512.jpg 768w, https:\/\/baumonitoring.com\/wp-content\/uploads\/2020\/03\/Baumonitoring_Macbook2-1536x1024.jpg 1536w, https:\/\/baumonitoring.com\/wp-content\/uploads\/2020\/03\/Baumonitoring_Macbook2-2048x1365.jpg 2048w\" sizes=\"(max-width: 1024px) 100vw, 1024px\" \/><\/figure>\n\n\n\n<p><strong><em>Bau\u00b7mo\u00b7ni\u00b7to\u00b7ring<br>\/ba\u035cu\/\u02c8m\u0254n\u026at\u0259r\u026a\u014b\/<br>Substantiv, Neutrum [das]<\/em><\/strong><em><br>[qualitative and quantitative collection and analysis of project data for lenders to systematically reduce the financing and construction risks of real estate projects]<br>[erroneously still often called bank controlling or controlling for banks]<\/em><\/p>\n\n\n\n<p>Due to high capital intensity, project developments \/ property developer investments is connected with&nbsp;<strong>high risks<\/strong>&nbsp;Errors at the beginning and during the course of a project can pose serious risks to the success of the project. High&nbsp;<strong>Transparency towards banks<\/strong>investors and supervisory bodies is essential and is therefore required by law. As a result of the amended MaRisk requirements, lenders are therefore dependent on the technical and digital expertise of external project controllers from the real estate industry for construction project financing in order to create uniform standards based on existing norms&nbsp;<strong>= Construction monitoring<\/strong>.<\/p>\n\n\n\n<p>The implementation of a sound construction monitoring of projects \/ portfolios is increasingly necessary.<br>Active control is achieved by&nbsp;<strong>early analysis of data and risk identification.<\/strong>&nbsp;This gives financiers and investors security. The strict requirements of BCBS239, Basel III and the amended MaRisk must be observed. By means of a risk analysis of the real estate, construction projects are evaluated according to technical aspects within the framework of technical due diligence (TDD), among other things. These services are just as much a part of construction monitoring as the digital recording of costs, deadlines and qualities and their structured evaluation.<\/p>\n\n\n\n<p><strong><a href=\"https:\/\/baumonitoring.com\/en\/monitoring\/leistungsbild\/\" target=\"_blank\" rel=\"noreferrer noopener\">Standardised service profiles<\/a><\/strong>&nbsp;help to establish digitalised early warning systems in the market and create cost stability and security for lenders and customers.<\/p>\n\n\n\n<p><strong>Aim of the platform<br><\/strong>Creation of a&nbsp;<strong><a href=\"https:\/\/baumonitoring.com\/en\/links\/\">digital platform \/ development of a network<\/a><\/strong>&nbsp;for all parties involved in the process of bank-financed project development<\/p>\n\n\n\n<div style=\"height:30px\" aria-hidden=\"true\" class=\"wp-block-spacer\"><\/div>\n\n\n\n<div style=\"float:right;\">\n<script src=\"https:\/\/platform.linkedin.com\/in.js\" type=\"text\/javascript\"><\/script>\n<script type=\"IN\/FollowCompany\" data-id=\"34966062\"><\/script>\n\n<\/div>","protected":false},"excerpt":{"rendered":"<p>DEFINITION DER BEGRIFFLICHKEIT UND DIENSTLEISTUNG Bau\u00b7mo\u00b7ni\u00b7to\u00b7ring\/ba\u035cu\/\u02c8m\u0254n\u026at\u0259r\u026a\u014b\/Substantiv, Neutrum [das][qualitative und quantitative Erfassung, sowie Analyse von Projektdaten f\u00fcr Kreditgeber zur systematischen Senkung der Finanzierungs- und Baurisiken von Immobilienvorhaben][f\u00e4lschlicherweise noch h\u00e4ufig Bankencontrolling oder auch Controlling f\u00fcr Banken genannt] Durch hohe Kapitalintensit\u00e4t sind Projektentwicklungen \/ Bautr\u00e4gerinvestitionen mit&nbsp;hohen Risiken&nbsp;verbunden. Fehler zu Beginn und im Laufe eines Projekts k\u00f6nnen schwerwiegende Risiken<a class=\"moretag\"\n href=\"https:\/\/baumonitoring.com\/en\/baumonitoring\"> Read more<\/a><\/p>","protected":false},"author":2,"featured_media":0,"parent":0,"menu_order":0,"comment_status":"closed","ping_status":"closed","template":"","meta":{"content-type":""},"_links":{"self":[{"href":"https:\/\/baumonitoring.com\/en\/wp-json\/wp\/v2\/pages\/101"}],"collection":[{"href":"https:\/\/baumonitoring.com\/en\/wp-json\/wp\/v2\/pages"}],"about":[{"href":"https:\/\/baumonitoring.com\/en\/wp-json\/wp\/v2\/types\/page"}],"author":[{"embeddable":true,"href":"https:\/\/baumonitoring.com\/en\/wp-json\/wp\/v2\/users\/2"}],"replies":[{"embeddable":true,"href":"https:\/\/baumonitoring.com\/en\/wp-json\/wp\/v2\/comments?post=101"}],"version-history":[{"count":20,"href":"https:\/\/baumonitoring.com\/en\/wp-json\/wp\/v2\/pages\/101\/revisions"}],"predecessor-version":[{"id":922,"href":"https:\/\/baumonitoring.com\/en\/wp-json\/wp\/v2\/pages\/101\/revisions\/922"}],"wp:attachment":[{"href":"https:\/\/baumonitoring.com\/en\/wp-json\/wp\/v2\/media?parent=101"}],"curies":[{"name":"wp","href":"https:\/\/api.w.org\/{rel}","templated":true}]}}