{"id":391,"date":"2020-04-06T09:31:02","date_gmt":"2020-04-06T07:31:02","guid":{"rendered":"http:\/\/baumonitoring.com\/?page_id=391"},"modified":"2023-03-14T11:53:19","modified_gmt":"2023-03-14T10:53:19","slug":"services","status":"publish","type":"page","link":"https:\/\/baumonitoring.com\/en\/services","title":{"rendered":"SERVICES"},"content":{"rendered":"<p><strong>Sie sind eine Bank oder ein Investor<\/strong>&nbsp;und \u00fcber gesetzliche Rahmenbedingungen dazu angehalten die finanzierten Risiken Ihrer Bauprojekte oder Portfolien nachvollziehbar und transparent zu messen?<br><strong>Sie wollen sich \u00fcber Baumonitoring<\/strong>&nbsp;(Bankencontrolling) als externe Dienstleistung&nbsp;<strong>informieren?<\/strong><\/p>\n\n\n\n<p>Baumonitoring.com schafft&nbsp;<strong>digitale Kostentransparenz und Risikominimierung f\u00fcr Investoren und finanzierende Banken<\/strong>&nbsp;innerhalb und au\u00dferhalb der EU.<br>Senken Sie systematisch die Finanzierungs- und Baurisiken Ihrer Immobilienvorhaben und profitieren Sie von der jahrzehntelangen Erfahrung des&nbsp;<a href=\"http:\/\/baumonitoring.com\/en\/\" target=\"_blank\" rel=\"noreferrer noopener\">baumonitoring.com<\/a>&nbsp;Netzwerks bei der Bewertung und Steuerung von Bestands- und Bauprojekten. Die Experten unterschiedlichster Fachrichtungen begleiten Sie mit Ihren Dienstleistungen \u00fcber den gesamten Monitoring-Vorgang und unterst\u00fctzen Sie standardisierte Prozesse f\u00fcr Ihre Ma\u00dfnahmen und Portfolios zu definieren. Als Baumonitoring-Spezialist ber\u00e4t Sie das Netzwerk hinsichtlich der&nbsp;<strong>Standardisierung, Digitalisierung und Optimierung<\/strong>&nbsp;Ihres Projekt-Monitorings.<\/p>\n\n\n\n<p><strong>Spektrum an Dienstleistungen<\/strong><br>Consulting-services<br>Risikoidentifkation<br>Globales Risiko-Monitoring<br>Standardisierte Kontrollmechanismen<br>Individuelles Reporting (u.a. mit dem Modul Project clock f\u00fcr Banken)<br>Qualitative und quantitative Erfassung der kostenseitigen, terminlichen und qualitativen Basisparameter eines Projektes oder Portfolios<br>Risiko-Potential-Analyse<br>Technische Due Diligence<br>Legal Due Diligence<\/p>\n\n\n\n<p><strong>Interesse geweckt! Vereinbaren Sie noch heute einen Termin&nbsp;<a href=\"https:\/\/baumonitoring.com\/en\/kontakt\/\">unter Kontakt<\/a> mit unserer Experten.<\/strong><\/p>\n\n\n\n<div style=\"height:30px\" aria-hidden=\"true\" class=\"wp-block-spacer\"><\/div>\n\n\n\n<h3>INTERESTING FOR YOU<\/h3>\n\n\n\n<div class=\"is-layout-flex wp-container-2 wp-block-columns\">\n<div class=\"is-layout-flow wp-block-column is-vertically-aligned-bottom\">\n<figure class=\"wp-block-image size-large\"><img decoding=\"async\" loading=\"lazy\" width=\"640\" height=\"427\" src=\"https:\/\/baumonitoring.com\/wp-content\/uploads\/2020\/02\/Beitragsbild.jpg\" alt=\"Leistungsbild_202002\" class=\"wp-image-195\"\/><figcaption class=\"wp-element-caption\"><strong><a href=\"https:\/\/baumonitoring.com\/en\/monitoring\/leistungsbild\/\">Service profile<\/a><\/strong><\/figcaption><\/figure>\n<\/div>\n<\/div>","protected":false},"excerpt":{"rendered":"<p>Sie sind eine Bank oder ein Investor&nbsp;und \u00fcber gesetzliche Rahmenbedingungen dazu angehalten die finanzierten Risiken Ihrer Bauprojekte oder Portfolien nachvollziehbar und transparent zu messen?Sie wollen sich \u00fcber Baumonitoring&nbsp;(Bankencontrolling) als externe Dienstleistung&nbsp;informieren? Baumonitoring.com schafft&nbsp;digitale Kostentransparenz und Risikominimierung f\u00fcr Investoren und finanzierende Banken&nbsp;innerhalb und au\u00dferhalb der EU.Senken Sie systematisch die Finanzierungs- und Baurisiken Ihrer Immobilienvorhaben und profitieren<a class=\"moretag\"\n href=\"https:\/\/baumonitoring.com\/en\/services\"> Read more<\/a><\/p>","protected":false},"author":5,"featured_media":0,"parent":0,"menu_order":0,"comment_status":"closed","ping_status":"closed","template":"","meta":{"content-type":""},"_links":{"self":[{"href":"https:\/\/baumonitoring.com\/en\/wp-json\/wp\/v2\/pages\/391"}],"collection":[{"href":"https:\/\/baumonitoring.com\/en\/wp-json\/wp\/v2\/pages"}],"about":[{"href":"https:\/\/baumonitoring.com\/en\/wp-json\/wp\/v2\/types\/page"}],"author":[{"embeddable":true,"href":"https:\/\/baumonitoring.com\/en\/wp-json\/wp\/v2\/users\/5"}],"replies":[{"embeddable":true,"href":"https:\/\/baumonitoring.com\/en\/wp-json\/wp\/v2\/comments?post=391"}],"version-history":[{"count":5,"href":"https:\/\/baumonitoring.com\/en\/wp-json\/wp\/v2\/pages\/391\/revisions"}],"predecessor-version":[{"id":920,"href":"https:\/\/baumonitoring.com\/en\/wp-json\/wp\/v2\/pages\/391\/revisions\/920"}],"wp:attachment":[{"href":"https:\/\/baumonitoring.com\/en\/wp-json\/wp\/v2\/media?parent=391"}],"curies":[{"name":"wp","href":"https:\/\/api.w.org\/{rel}","templated":true}]}}