{"id":44,"date":"2019-12-04T12:00:30","date_gmt":"2019-12-04T11:00:30","guid":{"rendered":"http:\/\/baumonitoring.com\/?page_id=44"},"modified":"2023-03-14T11:37:11","modified_gmt":"2023-03-14T10:37:11","slug":"impressum","status":"publish","type":"page","link":"https:\/\/baumonitoring.com\/en\/impressum","title":{"rendered":"IMPRINT"},"content":{"rendered":"<h2>Information according to \u00a7 5 TMG<\/h2>\n\n\n\n<p>PROBIS Software GmbH<\/p>\n\n\n\n<p>Zielstattstr.19<\/p>\n\n\n\n<p>81379 M\u00fcnchen<\/p>\n\n\n\n<p>Handelsregister: HRB 274151<br>Registergericht: Amtsgerichts M\u00fcnchen<\/p>\n\n\n\n<p><strong>Represented by:<\/strong><br>PROBIS Software GmbH, M\u00fcnchen<\/p>\n\n\n\n<p><strong>These represented by:<\/strong><br>M\u00fchlstein, Robert<br>Koppe, Moritz<\/p>\n\n\n\n<h2>Kontakt<\/h2>\n\n\n\n<p>Telefon: +49 89 954 59 52 00<br>E-Mail: info@prob.is<\/p>\n\n\n\n<h2>Address<\/h2>\n\n\n\n<p>PROBIS Software GmbH<\/p>\n\n\n\n<p>Zielstattstr.19<\/p>\n\n\n\n<p>81379 M\u00fcnchen<\/p>\n\n\n\n<h2>Steuernummer &amp; &nbsp;Umsatzsteuer ID<\/h2>\n\n\n\n<p>Steuernummer: 143\/172\/40857<\/p>\n\n\n\n<p>USt-Id: DE 351547666<\/p>\n\n\n\n<h2>Angaben zur Berufshaftpflichtversicherung<\/h2>\n\n\n\n<p><strong>Name und Sitz des Versicherers:<\/strong><br>HISCOX SA<\/p>\n\n\n\n<p>Arnulfstra\u00dfe 31<br>80636 M\u00fcnchen<\/p>\n\n\n\n<p><strong>Geltungsraum der Versicherung:<\/strong><br>weltweit, au\u00dfer USA + Kanada<\/p>\n\n\n\n<h2>Verantwortlich f\u00fcr den Inhalt nach \u00a7 55 Abs. 2 RSTV<\/h2>\n\n\n\n<p>M\u00fchlstein, Robert<br>Koppe, Moritz<\/p>\n\n\n\n<h2>Streitschlichtung<\/h2>\n\n\n\n<p>Die Europ\u00e4ische Kommission stellt eine Plattform zur Online-Streitbeilegung (OS) bereit:&nbsp;<a href=\"https:\/\/ec.europa.eu\/consumers\/odr\" target=\"_blank\" rel=\"noreferrer noopener\">https:\/\/ec.europa.eu\/consumers\/odr<\/a>.<br>Unsere E-Mail-Adresse finden Sie oben im Impressum.<\/p>\n\n\n\n<p>Wir sind nicht bereit oder verpflichtet, an Streitbeilegungsverfahren vor einer Verbraucherschlichtungsstelle teilzunehmen.<\/p>\n\n\n\n<h2>Disclaimer<\/h2>\n\n\n\n<h3>Liability for contents<\/h3>\n\n\n\n<p>Die Europ\u00e4ische Kommission stellt eine Plattform zur Online-Streitbeilegung (OS) bereit:&nbsp;<a href=\"https:\/\/ec.europa.eu\/consumers\/odr\" target=\"_blank\" rel=\"noreferrer noopener\">https:\/\/ec.europa.eu\/consumers\/odr<\/a>.<br>Unsere E-Mail-Adresse finden Sie oben im Impressum.<\/p>\n\n\n\n<p>Wir sind nicht bereit oder verpflichtet, an Streitbeilegungsverfahren vor einer Verbraucherschlichtungsstelle teilzunehmen.<\/p>\n\n\n\n<h3>Liability for links<\/h3>\n\n\n\n<p>Unser Angebot enth\u00e4lt Links zu externen Websites Dritter, auf deren Inhalte wir keinen Einfluss haben. Deshalb k\u00f6nnen wir f\u00fcr diese fremden Inhalte auch keine Gew\u00e4hr \u00fcbernehmen. F\u00fcr die Inhalte der verlinkten Seiten ist stets der jeweilige Anbieter oder Betreiber der Seiten verantwortlich. Die verlinkten Seiten wurden zum Zeitpunkt der Verlinkung auf m\u00f6gliche Rechtsverst\u00f6\u00dfe \u00fcberpr\u00fcft. Rechtswidrige Inhalte waren zum Zeitpunkt der Verlinkung nicht erkennbar.<\/p>\n\n\n\n<p>Eine permanente inhaltliche Kontrolle der verlinkten Seiten ist jedoch ohne konkrete Anhaltspunkte einer Rechtsverletzung nicht zumutbar. Bei Bekanntwerden von Rechtsverletzungen werden wir derartige Links umgehend entfernen.<\/p>\n\n\n\n<h3>Copyright<\/h3>\n\n\n\n<p>Die durch die Seitenbetreiber erstellten Inhalte und Werke auf diesen Seiten unterliegen dem deutschen Urheberrecht. Die Vervielf\u00e4ltigung, Bearbeitung, Verbreitung und jede Art der Verwertung au\u00dferhalb der Grenzen des Urheberrechtes bed\u00fcrfen der schriftlichen Zustimmung des jeweiligen Autors bzw. Erstellers. Downloads und Kopien dieser Seite sind nur f\u00fcr den privaten, nicht kommerziellen Gebrauch gestattet.<\/p>\n\n\n\n<p>Soweit die Inhalte auf dieser Seite nicht vom Betreiber erstellt wurden, werden die Urheberrechte Dritter beachtet. Insbesondere werden Inhalte Dritter als solche gekennzeichnet. Sollten Sie trotzdem auf eine Urheberrechtsverletzung aufmerksam werden, bitten wir um einen entsprechenden Hinweis. Bei Bekanntwerden von Rechtsverletzungen werden wir derartige Inhalte umgehend entfernen.<\/p>","protected":false},"excerpt":{"rendered":"<p>Angaben gem\u00e4\u00df \u00a7 5 TMG PROBIS Software GmbH Zielstattstr.19 81379 M\u00fcnchen Handelsregister: HRB 274151Registergericht: Amtsgerichts M\u00fcnchen Vertreten durch:PROBIS Software GmbH, M\u00fcnchen Diese vertreten durch:M\u00fchlstein, RobertKoppe, Moritz Kontakt Telefon: +49 89 954 59 52 00E-Mail: info@prob.is Postadresse PROBIS Software GmbH Zielstattstr.19 81379 M\u00fcnchen Steuernummer &amp; &nbsp;Umsatzsteuer ID Steuernummer: 143\/172\/40857 USt-Id: DE 351547666 Angaben zur Berufshaftpflichtversicherung Name<a class=\"moretag\"\n href=\"https:\/\/baumonitoring.com\/en\/impressum\"> Read more<\/a><\/p>","protected":false},"author":2,"featured_media":0,"parent":0,"menu_order":0,"comment_status":"closed","ping_status":"closed","template":"","meta":{"content-type":""},"_links":{"self":[{"href":"https:\/\/baumonitoring.com\/en\/wp-json\/wp\/v2\/pages\/44"}],"collection":[{"href":"https:\/\/baumonitoring.com\/en\/wp-json\/wp\/v2\/pages"}],"about":[{"href":"https:\/\/baumonitoring.com\/en\/wp-json\/wp\/v2\/types\/page"}],"author":[{"embeddable":true,"href":"https:\/\/baumonitoring.com\/en\/wp-json\/wp\/v2\/users\/2"}],"replies":[{"embeddable":true,"href":"https:\/\/baumonitoring.com\/en\/wp-json\/wp\/v2\/comments?post=44"}],"version-history":[{"count":9,"href":"https:\/\/baumonitoring.com\/en\/wp-json\/wp\/v2\/pages\/44\/revisions"}],"predecessor-version":[{"id":917,"href":"https:\/\/baumonitoring.com\/en\/wp-json\/wp\/v2\/pages\/44\/revisions\/917"}],"wp:attachment":[{"href":"https:\/\/baumonitoring.com\/en\/wp-json\/wp\/v2\/media?parent=44"}],"curies":[{"name":"wp","href":"https:\/\/api.w.org\/{rel}","templated":true}]}}